{"id":7455,"date":"2019-05-17T09:18:34","date_gmt":"2019-05-17T13:18:34","guid":{"rendered":"https:\/\/www.sunflowerit.ca\/travel\/?page_id=7455"},"modified":"2025-07-03T14:53:53","modified_gmt":"2025-07-03T18:53:53","slug":"cycling-distances-and-accommodations","status":"publish","type":"page","link":"https:\/\/www.sunflowerit.ca\/travel\/cycling-travels\/cycling-caribbean\/cuba-2019\/cycling-distances-and-accommodations\/","title":{"rendered":"Cuba &#8211; Actual cycling distances and accommodations"},"content":{"rendered":"\n<table id=\"tablepress-2\" class=\"tablepress tablepress-id-2\">\n<thead>\n<tr class=\"row-1\">\n\t<th class=\"column-1\">Day<\/th><th class=\"column-2\">Distance (km)<\/th><th class=\"column-3\">Accommodation<br \/>\n<br \/>\n[ L: landline #;  M: cellular mobile #]<\/th>\n<\/tr>\n<\/thead>\n<tbody class=\"row-striping row-hover\">\n<tr class=\"row-2\">\n\t<td class=\"column-1\">1<\/td><td class=\"column-2\">0.0<\/td><td class=\"column-3\">Matanzas &#8211; Hostal Sue\u00f1os &#8211; L:() &#8211; M:[5 247 6538]<\/td>\n<\/tr>\n<tr class=\"row-3\">\n\t<td class=\"column-1\">2<\/td><td class=\"column-2\">0.0<\/td><td class=\"column-3\">Matanzas &#8211; Hostal Sue\u00f1os &#8211; L:() &#8211; M:[5 247 6538]<\/td>\n<\/tr>\n<tr class=\"row-4\">\n\t<td class=\"column-1\">3<\/td><td class=\"column-2\">0.0<\/td><td class=\"column-3\">Matanzas &#8211; Hostal Sue\u00f1os &#8211; L:() &#8211; M:[5 247 6538]<\/td>\n<\/tr>\n<tr class=\"row-5\">\n\t<td class=\"column-1\">4<\/td><td class=\"column-2\">42.0<\/td><td class=\"column-3\">El Fraile &#8211; Casa Villa El Relincho &#8211; L:(47 292615) &#8211; M:[]<\/td>\n<\/tr>\n<tr class=\"row-6\">\n\t<td class=\"column-1\">5<\/td><td class=\"column-2\">49.3<\/td><td class=\"column-3\">Cojimar &#8211; Casy Ly &#8211; L:(7 7668921) &#8211; M:[]<\/td>\n<\/tr>\n<tr class=\"row-7\">\n\t<td class=\"column-1\">6<\/td><td class=\"column-2\">12.6<\/td><td class=\"column-3\">Centro Havana &#8211; Casa Candida &#8211; L:(7 8678902) &#8211; M:[]<\/td>\n<\/tr>\n<tr class=\"row-8\">\n\t<td class=\"column-1\">7<\/td><td class=\"column-2\">75.0<\/td><td class=\"column-3\">Las Terrazas &#8211; Casa Hospedaje Villa Duque &#8211; L:() &#8211; M:[5 322 1431 \/ 5 232 6871]<\/td>\n<\/tr>\n<tr class=\"row-9\">\n\t<td class=\"column-1\">8<\/td><td class=\"column-2\">23.0<\/td><td class=\"column-3\">Soroa &#8211; Casa Mayra &#8211; L:() &#8211; M:[]<\/td>\n<\/tr>\n<tr class=\"row-10\">\n\t<td class=\"column-1\">9<\/td><td class=\"column-2\">55.0<\/td><td class=\"column-3\">San Diego De Los Ba\u00f1os  &#8211; Villa Julio Y Cary   &#8211; L:(48 548037) &#8211; M:[]<\/td>\n<\/tr>\n<tr class=\"row-11\">\n\t<td class=\"column-1\">10<\/td><td class=\"column-2\">0.0<\/td><td class=\"column-3\">San Diego De Los Ba\u00f1os  &#8211; Villa Julio Y Cary   &#8211; L:(48 548037) &#8211; M:[]<\/td>\n<\/tr>\n<tr class=\"row-12\">\n\t<td class=\"column-1\">11<\/td><td class=\"column-2\">53.0<\/td><td class=\"column-3\">Pinar Del Rio &#8211; Casa La Guayabita &#8211; L:(48 773333) &#8211; M:[5 523 6503 \/ 5 853 2786]<\/td>\n<\/tr>\n<tr class=\"row-13\">\n\t<td class=\"column-1\">12<\/td><td class=\"column-2\">61.4<\/td><td class=\"column-3\">Isabel Rubio &#8211; Do\u00f1a Carmen &#8211; L:(492297) &#8211; M:[]<\/td>\n<\/tr>\n<tr class=\"row-14\">\n\t<td class=\"column-1\">13<\/td><td class=\"column-2\">70.3<\/td><td class=\"column-3\">La Bajada &#8211; Villa Azul &#8211; L:() &#8211; M:[5 278 2047]<\/td>\n<\/tr>\n<tr class=\"row-15\">\n\t<td class=\"column-1\">14<\/td><td class=\"column-2\">15.0<\/td><td class=\"column-3\">La Bajada &#8211; Villa Azul &#8211; L:() &#8211; M:[5 278 2047]<\/td>\n<\/tr>\n<tr class=\"row-16\">\n\t<td class=\"column-1\">15<\/td><td class=\"column-2\">53.4<\/td><td class=\"column-3\">Sandino &#8211; Villa Motel Rogelio &#8211; L:() &#8211; M:[]<\/td>\n<\/tr>\n<tr class=\"row-17\">\n\t<td class=\"column-1\">16<\/td><td class=\"column-2\">45.8<\/td><td class=\"column-3\">Mantua &#8211; Villa Lazaro El Faro &#8211; L:(495429) &#8211; M:[]<\/td>\n<\/tr>\n<tr class=\"row-18\">\n\t<td class=\"column-1\">17<\/td><td class=\"column-2\">66.3<\/td><td class=\"column-3\">Santa Lucia &#8211; Casa La Altura &#8211; L:() &#8211; M:[]<\/td>\n<\/tr>\n<tr class=\"row-19\">\n\t<td class=\"column-1\">18<\/td><td class=\"column-2\">30.2<\/td><td class=\"column-3\">Santo Tomas &#8211; Casa Villa Los Cactus &#8211; L:(48 681183) &#8211; M:[5 486 3393]<\/td>\n<\/tr>\n<tr class=\"row-20\">\n\t<td class=\"column-1\">19<\/td><td class=\"column-2\">18.6<\/td><td class=\"column-3\">Vi\u00f1ales &#8211; Casa Maria Jes\u00fas y Ra\u00fal &#8211; L:(48 696926) &#8211; M:[5 545 0324]<\/td>\n<\/tr>\n<tr class=\"row-21\">\n\t<td class=\"column-1\">20<\/td><td class=\"column-2\">0.0<\/td><td class=\"column-3\">Vi\u00f1ales &#8211; Casa Maria Jes\u00fas y Ra\u00fal &#8211; L:(48 696926) &#8211; M:[5 545 0324]<\/td>\n<\/tr>\n<tr class=\"row-22\">\n\t<td class=\"column-1\">21<\/td><td class=\"column-2\">51.6<\/td><td class=\"column-3\">Palma Rubia &#8211; Casa Villa Mario Y Antonia &#8211; L:() &#8211; M:[5 335 6310 \/ 5 228 3067]<\/td>\n<\/tr>\n<tr class=\"row-23\">\n\t<td class=\"column-1\">22<\/td><td class=\"column-2\">40.6<\/td><td class=\"column-3\">Bahia Honda &#8211; Casa Gualberto Y Deysi &#8211; L:(48 668711) &#8211; M:[]<\/td>\n<\/tr>\n<tr class=\"row-24\">\n\t<td class=\"column-1\">23<\/td><td class=\"column-2\">53.5<\/td><td class=\"column-3\">Mariel &#8211; Jes\u00fas y Marilda\u2019s House &#8211; L:(47 398983) &#8211; M:[5 283 3118]<\/td>\n<\/tr>\n<tr class=\"row-25\">\n\t<td class=\"column-1\">24<\/td><td class=\"column-2\">50.1<\/td><td class=\"column-3\">Centro Havana &#8211; Hostal Havana Lodge &#8211; L:() &#8211; M:[]<\/td>\n<\/tr>\n<tr class=\"row-26\">\n\t<td class=\"column-1\">25<\/td><td class=\"column-2\">0.0<\/td><td class=\"column-3\">Centro Havana &#8211; Hostal Havana Lodge &#8211; L:() &#8211; M:[]<\/td>\n<\/tr>\n<tr class=\"row-27\">\n\t<td class=\"column-1\">26<\/td><td class=\"column-2\">60.0<\/td><td class=\"column-3\">El Fraile &#8211; Sr Eliseo H Santana &#8211; L:(47 295892) &#8211; M:[5296 6634]<\/td>\n<\/tr>\n<tr class=\"row-28\">\n\t<td class=\"column-1\">27<\/td><td class=\"column-2\">40.7<\/td><td class=\"column-3\">Matanzas &#8211; Hostal Sue\u00f1os &#8211; L:() &#8211; M:[5 247 6538]<\/td>\n<\/tr>\n<tr class=\"row-29\">\n\t<td class=\"column-1\">28<\/td><td class=\"column-2\">51.9<\/td><td class=\"column-3\">Cardenas &#8211; Hostal Villa Centro  &#8211; L:(45 528821) &#8211; M:[]<\/td>\n<\/tr>\n<tr class=\"row-30\">\n\t<td class=\"column-1\">29<\/td><td class=\"column-2\">0.0<\/td><td class=\"column-3\">Cardenas &#8211; Hostal Villa Centro  &#8211; L:(45 528821) &#8211; M:[]<\/td>\n<\/tr>\n<tr class=\"row-31\">\n\t<td class=\"column-1\">30<\/td><td class=\"column-2\">80.9<\/td><td class=\"column-3\">Corralillo &#8211; Hostal y Restaurant Horizonte &#8211; L:() &#8211; M:[5 337 9894]<\/td>\n<\/tr>\n<tr class=\"row-32\">\n\t<td class=\"column-1\">31<\/td><td class=\"column-2\">63.9<\/td><td class=\"column-3\">Sagua La Grande &#8211; Hostal Do\u00f1a Oneida  &#8211; L:(42 662646 ) &#8211; M:[5 337 9981]<\/td>\n<\/tr>\n<tr class=\"row-33\">\n\t<td class=\"column-1\">32<\/td><td class=\"column-2\">51.8<\/td><td class=\"column-3\">Santa Clara &#8211; Casa Alba &#8211; L:(42 294108) &#8211; M:[]<\/td>\n<\/tr>\n<tr class=\"row-34\">\n\t<td class=\"column-1\">33<\/td><td class=\"column-2\">0.0<\/td><td class=\"column-3\">Santa Clara &#8211; Casa Alba &#8211; L:(42 294108) &#8211; M:[]<\/td>\n<\/tr>\n<tr class=\"row-35\">\n\t<td class=\"column-1\">34<\/td><td class=\"column-2\">47.7<\/td><td class=\"column-3\">Remedios &#8211; Hostal El 500 &#8211; L:(42 396696) &#8211; M:[]<\/td>\n<\/tr>\n<tr class=\"row-36\">\n\t<td class=\"column-1\">35<\/td><td class=\"column-2\">66.8<\/td><td class=\"column-3\">Mayajigua &#8211; San Jos\u00e9 del Lago &#8211; L:(4 1 546108) &#8211; M:[]<\/td>\n<\/tr>\n<tr class=\"row-37\">\n\t<td class=\"column-1\">36<\/td><td class=\"column-2\">56.2<\/td><td class=\"column-3\">Moron &#8211; Alojamiento Maite  &#8211; L:(33 504181) &#8211; M:[]<\/td>\n<\/tr>\n<tr class=\"row-38\">\n\t<td class=\"column-1\">37<\/td><td class=\"column-2\">37.5<\/td><td class=\"column-3\">Ciego De Avila  &#8211; Casa Rocky y Maria &#8211; L:(33 214451) &#8211; M:[]<\/td>\n<\/tr>\n<tr class=\"row-39\">\n\t<td class=\"column-1\">38<\/td><td class=\"column-2\">0.0<\/td><td class=\"column-3\">Ciego De Avila  &#8211; Casa Lupe &#8211; L:(33 212712) &#8211; M:[5 337 1727]<\/td>\n<\/tr>\n<tr class=\"row-40\">\n\t<td class=\"column-1\">39<\/td><td class=\"column-2\">69.7<\/td><td class=\"column-3\">Florida &#8211; Casa Sonia &#8211; L:() &#8211; M:[]<\/td>\n<\/tr>\n<tr class=\"row-41\">\n\t<td class=\"column-1\">40<\/td><td class=\"column-2\">40.4<\/td><td class=\"column-3\">Camag\u00fcey &#8211; Casa La China &#8211; L:(32 283028) &#8211; M:[5 465 9240]<\/td>\n<\/tr>\n<tr class=\"row-42\">\n\t<td class=\"column-1\">41<\/td><td class=\"column-2\">81.8<\/td><td class=\"column-3\">Guaimaro &#8211; Maricela &#8211; L:(32 811684) &#8211; M:[5 244 9178]<\/td>\n<\/tr>\n<tr class=\"row-43\">\n\t<td class=\"column-1\">42<\/td><td class=\"column-2\">45.8<\/td><td class=\"column-3\">Las Tunas &#8211; Casa Xenia  &#8211; L:(31 343067) &#8211; M:[]<\/td>\n<\/tr>\n<tr class=\"row-44\">\n\t<td class=\"column-1\">43<\/td><td class=\"column-2\">81.2<\/td><td class=\"column-3\">Bayamo &#8211; Casa Bretones  &#8211; L:(23 426216) &#8211; M:[5 338 3441]<\/td>\n<\/tr>\n<tr class=\"row-45\">\n\t<td class=\"column-1\">44<\/td><td class=\"column-2\">0.0<\/td><td class=\"column-3\">Bayamo &#8211; Casa Bretones  &#8211; L:(23 426216) &#8211; M:[5 338 3441]<\/td>\n<\/tr>\n<tr class=\"row-46\">\n\t<td class=\"column-1\">45<\/td><td class=\"column-2\">65.6<\/td><td class=\"column-3\">Manzanillo &#8211; Hostal Carlos &#8211; L:(23 572582 ) &#8211; M:[5 467 8213]<\/td>\n<\/tr>\n<tr class=\"row-47\">\n\t<td class=\"column-1\">46<\/td><td class=\"column-2\">72.8<\/td><td class=\"column-3\">Niquero &#8211; Casa Para\u00edso Azul &#8211; L:(23 992742) &#8211; M:[5 815 2316]<\/td>\n<\/tr>\n<tr class=\"row-48\">\n\t<td class=\"column-1\">47<\/td><td class=\"column-2\">40.6<\/td><td class=\"column-3\">Pilon &#8211; Casa Humberto &#8211; L:(23 594384 ) &#8211; M:[5 321 1561]<\/td>\n<\/tr>\n<tr class=\"row-49\">\n\t<td class=\"column-1\">48<\/td><td class=\"column-2\">72.9<\/td><td class=\"column-3\">La Mula &#8211; Campismo La Mula &#8211; L:(22 326262) &#8211; M:[]<\/td>\n<\/tr>\n<tr class=\"row-50\">\n\t<td class=\"column-1\">49<\/td><td class=\"column-2\">42.5<\/td><td class=\"column-3\">Chivirico &#8211; Hostal Villa el Para\u00edso &#8211; L:(22 326194) &#8211; M:[5 824 9988]<\/td>\n<\/tr>\n<tr class=\"row-51\">\n\t<td class=\"column-1\">50<\/td><td class=\"column-2\">73.3<\/td><td class=\"column-3\">Santiago De Cuba  &#8211; Casa Tony y Raquel &#8211; L:(22 625344) &#8211; M:[5 308 7549]<\/td>\n<\/tr>\n<tr class=\"row-52\">\n\t<td class=\"column-1\">51<\/td><td class=\"column-2\">0.0<\/td><td class=\"column-3\">Santiago De Cuba  &#8211; Casa Tony y Raquel &#8211; L:(22 625344) &#8211; M:[5 308 7549]<\/td>\n<\/tr>\n<tr class=\"row-53\">\n\t<td class=\"column-1\">52<\/td><td class=\"column-2\">83.6<\/td><td class=\"column-3\">Guantanamo &#8211; La Foster  &#8211; L:(21 325970) &#8211; M:[]<\/td>\n<\/tr>\n<tr class=\"row-54\">\n\t<td class=\"column-1\">53<\/td><td class=\"column-2\">45.1<\/td><td class=\"column-3\">Tortuguilla &#8211; Casa Villa Rev\u00e9 &#8211; L:(21 871039) &#8211; M:[]<\/td>\n<\/tr>\n<tr class=\"row-55\">\n\t<td class=\"column-1\">54<\/td><td class=\"column-2\">40.2<\/td><td class=\"column-3\">Imias &#8211; Hostal Lianet y Zaida &#8211; L:() &#8211; M:[5 367 7281]<\/td>\n<\/tr>\n<tr class=\"row-56\">\n\t<td class=\"column-1\">55<\/td><td class=\"column-2\">69.3<\/td><td class=\"column-3\">Baracoa &#8211; Casa Colonial La Catedral &#8211; L:(21 645481) &#8211; M:[]<\/td>\n<\/tr>\n<tr class=\"row-57\">\n\t<td class=\"column-1\">56<\/td><td class=\"column-2\">0.0<\/td><td class=\"column-3\">Baracoa &#8211; Casa Colonial La Catedral &#8211; L:(21 645481) &#8211; M:[]<\/td>\n<\/tr>\n<tr class=\"row-58\">\n\t<td class=\"column-1\">57<\/td><td class=\"column-2\">19.4<\/td><td class=\"column-3\">Maguana &#8211; Casa Hidiolvis &#8211; L:() &#8211; M:[5 310 4875 ]<\/td>\n<\/tr>\n<tr class=\"row-59\">\n\t<td class=\"column-1\">58<\/td><td class=\"column-2\">0.0<\/td><td class=\"column-3\">Maguana &#8211; Casa Hidiolvis &#8211; L:() &#8211; M:[5 310 4875 ]<\/td>\n<\/tr>\n<tr class=\"row-60\">\n\t<td class=\"column-1\">59<\/td><td class=\"column-2\">55.9<\/td><td class=\"column-3\">Moa &#8211; Casa Zeida y Abel &#8211; L:(24 605776) &#8211; M:[]<\/td>\n<\/tr>\n<tr class=\"row-61\">\n\t<td class=\"column-1\">60<\/td><td class=\"column-2\">39.4<\/td><td class=\"column-3\">Sagua De Tanamo &#8211; Villa Dona Mercy &#8211; L:() &#8211; M:[5 820 6105]<\/td>\n<\/tr>\n<tr class=\"row-62\">\n\t<td class=\"column-1\">61<\/td><td class=\"column-2\">56.4<\/td><td class=\"column-3\">Mayari &#8211; Hostal Kasalta &#8211; L:(24 502603) &#8211; M:[5 408 8499 \/ 5 467 3151]<\/td>\n<\/tr>\n<tr class=\"row-63\">\n\t<td class=\"column-1\">62<\/td><td class=\"column-2\">60.6<\/td><td class=\"column-3\">Banes &#8211; Villa Luna &#8211; L:(24 802918) &#8211; M:[5 358 3147]<\/td>\n<\/tr>\n<tr class=\"row-64\">\n\t<td class=\"column-1\">63<\/td><td class=\"column-2\">37.3<\/td><td class=\"column-3\">Guardalavaca &#8211; Villa Cayuelo &#8211; L:() &#8211; M:[5 246 9446]<\/td>\n<\/tr>\n<tr class=\"row-65\">\n\t<td class=\"column-1\">64<\/td><td class=\"column-2\">0.0<\/td><td class=\"column-3\">Guardalavaca &#8211; Villa Cayuelo &#8211; L:() &#8211; M:[5 246 9446]<\/td>\n<\/tr>\n<tr class=\"row-66\">\n\t<td class=\"column-1\">65<\/td><td class=\"column-2\">52.3<\/td><td class=\"column-3\">Gibara &#8211; Casa Los Amigos &#8211; L:(24 844115) &#8211; M:[5 811 5556]<\/td>\n<\/tr>\n<tr class=\"row-67\">\n\t<td class=\"column-1\">66<\/td><td class=\"column-2\">0.0<\/td><td class=\"column-3\">Gibara &#8211; Casa Los Amigos &#8211; L:(24 844115) &#8211; M:[5 811 5556]<\/td>\n<\/tr>\n<tr class=\"row-68\">\n\t<td class=\"column-1\">67<\/td><td class=\"column-2\">35.7<\/td><td class=\"column-3\">Holguin  &#8211; Miriam &#8211; L:(24 427425) &#8211; M:[5 340 6168]<\/td>\n<\/tr>\n<tr class=\"row-69\">\n\t<td class=\"column-1\">68<\/td><td class=\"column-2\">62.7<\/td><td class=\"column-3\">Puerto Padre &#8211; Carlos Y Nuiris &#8211; L:(31 512820 ) &#8211; M:[5 337 0014]<\/td>\n<\/tr>\n<tr class=\"row-70\">\n\t<td class=\"column-1\">69<\/td><td class=\"column-2\">53.5<\/td><td class=\"column-3\">Manati &#8211; Las Palmas\u00a0 &#8211; L:(31 221375) &#8211; M:[]<\/td>\n<\/tr>\n<tr class=\"row-71\">\n\t<td class=\"column-1\">70<\/td><td class=\"column-2\">75.9<\/td><td class=\"column-3\">Nuevitas &#8211; Hostal Revilla &#8211; L:(32 415505) &#8211; M:[5 393 3071]<\/td>\n<\/tr>\n<tr class=\"row-72\">\n\t<td class=\"column-1\">71<\/td><td class=\"column-2\">89.7<\/td><td class=\"column-3\">Jaronu &#8211; Casa\u00a0Silvia &#8211; L:(32 606248) &#8211; M:[5 333 6016]<\/td>\n<\/tr>\n<tr class=\"row-73\">\n\t<td class=\"column-1\">72<\/td><td class=\"column-2\">0.0<\/td><td class=\"column-3\">Jaronu &#8211; Casa\u00a0Silvia &#8211; L:(32 606248) &#8211; M:[5 333 6016]<\/td>\n<\/tr>\n<tr class=\"row-74\">\n\t<td class=\"column-1\">73<\/td><td class=\"column-2\">93.6<\/td><td class=\"column-3\">Moron &#8211; Casa Dr Mirta  Carballo &#8211; L:() &#8211; M:[]<\/td>\n<\/tr>\n<tr class=\"row-75\">\n\t<td class=\"column-1\">74<\/td><td class=\"column-2\">36.2<\/td><td class=\"column-3\">Ciego De Avila  &#8211; Casa Lupe &#8211; L:(33 212712) &#8211; M:[5 337 1727]<\/td>\n<\/tr>\n<tr class=\"row-76\">\n\t<td class=\"column-1\">75<\/td><td class=\"column-2\">77.8<\/td><td class=\"column-3\">Sancti Spiritus &#8211; Hostal El Bunganvil &#8211; L:(41 336437) &#8211; M:[5 251 1828]<\/td>\n<\/tr>\n<tr class=\"row-77\">\n\t<td class=\"column-1\">76<\/td><td class=\"column-2\">71.4<\/td><td class=\"column-3\">Trinidad &#8211; Casa Azul San Ana &#8211; L:(41 993591) &#8211; M:[5 277 0461]<\/td>\n<\/tr>\n<tr class=\"row-78\">\n\t<td class=\"column-1\">77<\/td><td class=\"column-2\">35.1<\/td><td class=\"column-3\">Trinidad &#8211; Casa Azul San Ana &#8211; L:(41 993591) &#8211; M:[5 277 0461]<\/td>\n<\/tr>\n<tr class=\"row-79\">\n\t<td class=\"column-1\">78<\/td><td class=\"column-2\">0.0<\/td><td class=\"column-3\">Trinidad &#8211; Casa Azul San Ana &#8211; L:(41 993591) &#8211; M:[5 277 0461]<\/td>\n<\/tr>\n<tr class=\"row-80\">\n\t<td class=\"column-1\">79<\/td><td class=\"column-2\">43.1<\/td><td class=\"column-3\">Guajimico &#8211; Campismo Villa Guajimico &#8211; L:(43 420646) &#8211; M:[]<\/td>\n<\/tr>\n<tr class=\"row-81\">\n\t<td class=\"column-1\">80<\/td><td class=\"column-2\">44.5<\/td><td class=\"column-3\">Cienfuegos &#8211; Hostal Isabella &#8211; L:(43 527094) &#8211; M:[5 276 8777]<\/td>\n<\/tr>\n<tr class=\"row-82\">\n\t<td class=\"column-1\">81<\/td><td class=\"column-2\">81.9<\/td><td class=\"column-3\">Playa Giron &#8211; Ks Abella &#8211; L:(45 984383) &#8211; M:[5 368 8837]<\/td>\n<\/tr>\n<tr class=\"row-83\">\n\t<td class=\"column-1\">82<\/td><td class=\"column-2\">0.0<\/td><td class=\"column-3\">Playa Giron &#8211; Ks Abella &#8211; L:(45 984383) &#8211; M:[5 368 8837]<\/td>\n<\/tr>\n<tr class=\"row-84\">\n\t<td class=\"column-1\">83<\/td><td class=\"column-2\">36.3<\/td><td class=\"column-3\">Playa Larga &#8211; El Ingeniero &#8211; L:(45 9877538) &#8211; M:[5 411 8875]<\/td>\n<\/tr>\n<tr class=\"row-85\">\n\t<td class=\"column-1\">84<\/td><td class=\"column-2\">31.2<\/td><td class=\"column-3\">Jaguey Grande &#8211; Hostal El Ranch\u00f3n &#8211; L:(45 912098) &#8211; M:[5 353 6993]<\/td>\n<\/tr>\n<tr class=\"row-86\">\n\t<td class=\"column-1\">85<\/td><td class=\"column-2\">66.8<\/td><td class=\"column-3\">Cardenas &#8211; Hostal Villa Centro  &#8211; L:(45 528821) &#8211; M:[]<\/td>\n<\/tr>\n<tr class=\"row-87\">\n\t<td class=\"column-1\">86<\/td><td class=\"column-2\">50.2<\/td><td class=\"column-3\">Varadero &#8211; Casa Papo&#8217;s House &#8211; L:(45 612640) &#8211; M:[]<\/td>\n<\/tr>\n<tr class=\"row-88\">\n\t<td class=\"column-1\">87<\/td><td class=\"column-2\">0.0<\/td><td class=\"column-3\">Varadero &#8211; Casa Papo&#8217;s House &#8211; L:(45 612640) &#8211; M:[]<\/td>\n<\/tr>\n<tr class=\"row-89\">\n\t<td class=\"column-1\">88<\/td><td class=\"column-2\">41.4<\/td><td class=\"column-3\">Matanzas &#8211; Hostal Sue\u00f1os &#8211; L:() &#8211; M:[5 247 6538]<\/td>\n<\/tr>\n<tr class=\"row-90\">\n\t<td class=\"column-1\">89<\/td><td class=\"column-2\">0.0<\/td><td class=\"column-3\">Matanzas &#8211; Hostal Sue\u00f1os &#8211; L:() &#8211; M:[5 247 6538]<\/td>\n<\/tr>\n<tr class=\"row-91\">\n\t<td class=\"column-1\">90<\/td><td class=\"column-2\">0.0<\/td><td class=\"column-3\"><\/td>\n<\/tr>\n<tr class=\"row-92\">\n\t<td class=\"column-1\"><\/td><td class=\"column-2\">3696.94<\/td><td class=\"column-3\"><\/td>\n<\/tr>\n<\/tbody>\n<\/table>\n<!-- #tablepress-2 from cache -->","protected":false},"excerpt":{"rendered":"","protected":false},"author":1,"featured_media":0,"parent":6274,"menu_order":0,"comment_status":"closed","ping_status":"closed","template":"","meta":{"_crdt_document":"","_s2mail":"no","footnotes":""},"class_list":["post-7455","page","type-page","status-publish","hentry"],"_links":{"self":[{"href":"https:\/\/www.sunflowerit.ca\/travel\/wp-json\/wp\/v2\/pages\/7455","targetHints":{"allow":["GET"]}}],"collection":[{"href":"https:\/\/www.sunflowerit.ca\/travel\/wp-json\/wp\/v2\/pages"}],"about":[{"href":"https:\/\/www.sunflowerit.ca\/travel\/wp-json\/wp\/v2\/types\/page"}],"author":[{"embeddable":true,"href":"https:\/\/www.sunflowerit.ca\/travel\/wp-json\/wp\/v2\/users\/1"}],"replies":[{"embeddable":true,"href":"https:\/\/www.sunflowerit.ca\/travel\/wp-json\/wp\/v2\/comments?post=7455"}],"version-history":[{"count":4,"href":"https:\/\/www.sunflowerit.ca\/travel\/wp-json\/wp\/v2\/pages\/7455\/revisions"}],"predecessor-version":[{"id":19747,"href":"https:\/\/www.sunflowerit.ca\/travel\/wp-json\/wp\/v2\/pages\/7455\/revisions\/19747"}],"up":[{"embeddable":true,"href":"https:\/\/www.sunflowerit.ca\/travel\/wp-json\/wp\/v2\/pages\/6274"}],"wp:attachment":[{"href":"https:\/\/www.sunflowerit.ca\/travel\/wp-json\/wp\/v2\/media?parent=7455"}],"curies":[{"name":"wp","href":"https:\/\/api.w.org\/{rel}","templated":true}]}}