{"id":2774,"date":"2017-10-13T17:12:02","date_gmt":"2017-10-13T21:12:02","guid":{"rendered":"https:\/\/www.sunflowerit.ca\/travel\/?page_id=2774"},"modified":"2025-07-03T14:48:34","modified_gmt":"2025-07-03T18:48:34","slug":"dominican-republic-2007","status":"publish","type":"page","link":"https:\/\/www.sunflowerit.ca\/travel\/cycling-travels\/cycling-caribbean\/dominican-republic-2007\/","title":{"rendered":"Dominican Republic 2007"},"content":{"rendered":"\n<p class=\"wp-block-paragraph\">Bien que nous sommes all\u00e9s \u00e0 Walt Disney World en Floride au mois d&#8217;octobre dernier, Jenny et moi sommes d\u00e9termin\u00e9s de prendre un autre voyage dans le sud lors du cong\u00e9 de mars. Les derniers grands \u00e9v\u00e9nements de l&#8217;ann\u00e9e sont, en premier rang, le d\u00e9c\u00e8s de ma m\u00e8re le 2 f\u00e9vrier 2007 apr\u00e8s un s\u00e9jour d&#8217;un peu plus de trois mois \u00e0 l&#8217;h\u00f4pital. Elle \u00e9tait atteinte de la maladie d&#8217;Alzheimer.<\/p>\n\n\n\n<p class=\"wp-block-paragraph\">Au bureau, les choses sont relativement calme depuis que je me suis joins \u00e0 l&#8217;\u00e9quipe du Renouvellement de la TI. Ce projet strat\u00e9gique est mal g\u00e9r\u00e9! \u00c0 la maison, Jessica revient d&#8217;un cong\u00e9 \u00e0 Cuba. Pas trop de projets de r\u00e9novation depuis l&#8217;achat de ma deuxi\u00e8me Subaru Forester &#8211; mod\u00e8le 2006.  J&#8217;occupe beaucoup, m\u00eame trop, de mon temps \u00e0 l&#8217;apprentissage de technologie Open source \u00e0 l&#8217;aide de mon serveur Linux Gentoo. Je passe de PHP \u00e0 Java &#8211; qui offre plus des outils de niveau entreprise.<\/p>\n\n\n\n<p class=\"wp-block-paragraph\">Notre strat\u00e9gie de voyage vise \u00e0 trouver une destination \u00e9conomique.  Nous sommes pr\u00eats \u00e0 attendre \u00e0 la derni\u00e8re minute \u00e9tant donn\u00e9 que nous avons tous nos passeports!   Enfin, le 3 mars, je r\u00e9serve trois billets pour La Romana RD en partance de Montr\u00e9al.  Je d\u00e9cide de prendre ce voyage avec mon v\u00e9lo Bertrand bien que j&#8217;ai un nouveau v\u00e9lo Marinoni qui m&#8217;attend \u00e0 Montr\u00e9al.<\/p>\n\n\n<div id=\"envira-gallery-wrap-18596\" class=\"envira-gallery-wrap envira-gallery-theme-base  envira-lazy-loading-disabled envira-layout-blogroll\" itemscope itemtype=\"http:\/\/schema.org\/ImageGallery\"><div class=\"envira-loader\"><div><\/div><div><\/div><div><\/div><div><\/div><\/div><div data-envira-id=\"18596\" data-gallery-config='{\"sort_order\":\"title\",\"type\":\"default\",\"layout\":\"blogroll\",\"columns\":\"1\",\"gallery_theme\":\"base\",\"justified_margins\":1,\"justified_last_row\":\"nojustify\",\"lazy_loading\":1,\"lazy_loading_delay\":500,\"gutter\":10,\"margin\":10,\"image_size\":\"default\",\"square_size\":300,\"crop_width\":640,\"crop_height\":480,\"crop\":0,\"crop_position\":\"c\",\"additional_copy_0\":0,\"additional_copy_title\":0,\"additional_copy_caption\":0,\"additional_copy_title_caption\":0,\"additional_copy_0_mobile\":0,\"additional_copy_title_mobile\":0,\"additional_copy_caption_mobile\":0,\"additional_copy_title_caption_mobile\":0,\"gallery_column_title_caption\":\"0\",\"gallery_column_title_caption_mobile\":\"0\",\"additional_copy_automatic_0\":0,\"additional_copy_automatic_title\":0,\"additional_copy_automatic_caption\":0,\"additional_copy_automatic_title_caption\":0,\"additional_copy_automatic_0_mobile\":0,\"additional_copy_automatic_title_mobile\":0,\"additional_copy_automatic_caption_mobile\":0,\"additional_copy_automatic_title_caption_mobile\":0,\"gallery_automatic_title_caption\":\"0\",\"gallery_automatic_title_caption_mobile\":\"0\",\"justified_row_height\":150,\"description_position\":\"0\",\"description\":\"\",\"random\":\"title\",\"sorting_direction\":\"ASC\",\"image_sizes_random\":[],\"isotope\":0,\"lightbox_enabled\":1,\"gallery_link_enabled\":1,\"lightbox_theme\":\"base_dark\",\"lightbox_image_size\":\"default\",\"title_display\":\"float\",\"lightbox_title_caption\":\"title\",\"arrows\":1,\"arrows_position\":\"inside\",\"toolbar\":0,\"toolbar_title\":0,\"toolbar_position\":\"top\",\"loop\":1,\"lightbox_open_close_effect\":\"fade\",\"effect\":\"fade\",\"supersize\":1,\"thumbnails_toggle\":0,\"thumbnails_hide\":0,\"image_counter\":0,\"thumbnails\":0,\"thumbnails_width\":\"auto\",\"thumbnails_height\":\"auto\",\"thumbnails_position\":\"bottom\",\"thumbnails_custom_size\":0,\"mobile\":1,\"mobile_width\":320,\"mobile_height\":240,\"mobile_lightbox\":1,\"mobile_gallery_link_enabled\":0,\"mobile_arrows\":1,\"mobile_toolbar\":1,\"mobile_thumbnails\":0,\"mobile_touchwipe_close\":0,\"mobile_thumbnails_width\":75,\"mobile_thumbnails_height\":50,\"mobile_justified_row_height\":80,\"keyboard\":true,\"standalone_template\":\"\",\"classes\":[\"\"],\"rtl\":0,\"slug\":\"dr2007_03_12a\",\"gallery_id\":18596}' data-gallery-images='[{\"status\":\"active\",\"src\":\"https:\\\/\\\/www.sunflowerit.ca\\\/travel\\\/wp-content\\\/uploads\\\/2025\\\/03\\\/2025-03-31_09-09-44.avif\",\"title\":\"2025-03-31_09-09-44\",\"link\":\"https:\\\/\\\/www.sunflowerit.ca\\\/travel\\\/wp-content\\\/uploads\\\/2025\\\/03\\\/2025-03-31_09-09-44.avif\",\"alt\":\"\",\"caption\":false,\"thumb\":\"https:\\\/\\\/www.sunflowerit.ca\\\/travel\\\/wp-content\\\/uploads\\\/2025\\\/03\\\/2025-03-31_09-09-44-75x50_c.avif\",\"meta\":{\"aperture\":null,\"credit\":null,\"camera\":null,\"caption\":\"\",\"created_timestamp\":null,\"copyright\":null,\"focal_length\":null,\"iso\":null,\"shutter_speed\":null,\"title\":\"\",\"orientation\":null,\"keywords\":null,\"resized_images\":[\"320x240_c\",\"640x480_c\",\"75x50_c\"]},\"thumbnail\":\"https:\\\/\\\/www.sunflowerit.ca\\\/travel\\\/wp-content\\\/uploads\\\/2025\\\/03\\\/2025-03-31_09-09-44-1-150x87.avif\",\"medium\":\"https:\\\/\\\/www.sunflowerit.ca\\\/travel\\\/wp-content\\\/uploads\\\/2025\\\/03\\\/2025-03-31_09-09-44-1-300x175.avif\",\"medium_large\":\"https:\\\/\\\/www.sunflowerit.ca\\\/travel\\\/wp-content\\\/uploads\\\/2025\\\/03\\\/2025-03-31_09-09-44-1-768x447.avif\",\"large\":\"https:\\\/\\\/www.sunflowerit.ca\\\/travel\\\/wp-content\\\/uploads\\\/2025\\\/03\\\/2025-03-31_09-09-44-1-1024x596.avif\",\"1536x1536\":\"https:\\\/\\\/www.sunflowerit.ca\\\/travel\\\/wp-content\\\/uploads\\\/2025\\\/03\\\/2025-03-31_09-09-44.avif\",\"2048x2048\":\"https:\\\/\\\/www.sunflowerit.ca\\\/travel\\\/wp-content\\\/uploads\\\/2025\\\/03\\\/2025-03-31_09-09-44.avif\",\"full\":\"https:\\\/\\\/www.sunflowerit.ca\\\/travel\\\/wp-content\\\/uploads\\\/2025\\\/03\\\/2025-03-31_09-09-44.avif\",\"index\":0,\"id\":18597,\"video\":false,\"opts\":{\"caption\":\"\",\"thumb\":\"https:\\\/\\\/www.sunflowerit.ca\\\/travel\\\/wp-content\\\/uploads\\\/2025\\\/03\\\/2025-03-31_09-09-44-75x50_c.avif\",\"title\":\"2025-03-31_09-09-44\"},\"gallery_id\":18596},{\"status\":\"active\",\"src\":\"https:\\\/\\\/www.sunflowerit.ca\\\/travel\\\/wp-content\\\/uploads\\\/2025\\\/07\\\/2025-07-06_08-02-34.avif\",\"title\":\"2025-07-06_08-02-34\",\"link\":\"https:\\\/\\\/www.sunflowerit.ca\\\/travel\\\/wp-content\\\/uploads\\\/2025\\\/07\\\/2025-07-06_08-02-34.avif\",\"alt\":\"\",\"caption\":false,\"thumb\":\"https:\\\/\\\/www.sunflowerit.ca\\\/travel\\\/wp-content\\\/uploads\\\/2025\\\/07\\\/2025-07-06_08-02-34-75x50_c.avif\",\"meta\":{\"aperture\":null,\"credit\":null,\"camera\":null,\"caption\":\"\",\"created_timestamp\":null,\"copyright\":null,\"focal_length\":null,\"iso\":null,\"shutter_speed\":null,\"title\":\"\",\"orientation\":null,\"keywords\":null},\"thumbnail\":\"https:\\\/\\\/www.sunflowerit.ca\\\/travel\\\/wp-content\\\/uploads\\\/2025\\\/07\\\/2025-07-06_08-02-34-150x79.avif\",\"medium\":\"https:\\\/\\\/www.sunflowerit.ca\\\/travel\\\/wp-content\\\/uploads\\\/2025\\\/07\\\/2025-07-06_08-02-34-300x157.avif\",\"medium_large\":\"https:\\\/\\\/www.sunflowerit.ca\\\/travel\\\/wp-content\\\/uploads\\\/2025\\\/07\\\/2025-07-06_08-02-34-768x403.avif\",\"large\":\"https:\\\/\\\/www.sunflowerit.ca\\\/travel\\\/wp-content\\\/uploads\\\/2025\\\/07\\\/2025-07-06_08-02-34-1024x537.avif\",\"1536x1536\":\"https:\\\/\\\/www.sunflowerit.ca\\\/travel\\\/wp-content\\\/uploads\\\/2025\\\/07\\\/2025-07-06_08-02-34.avif\",\"2048x2048\":\"https:\\\/\\\/www.sunflowerit.ca\\\/travel\\\/wp-content\\\/uploads\\\/2025\\\/07\\\/2025-07-06_08-02-34.avif\",\"full\":\"https:\\\/\\\/www.sunflowerit.ca\\\/travel\\\/wp-content\\\/uploads\\\/2025\\\/07\\\/2025-07-06_08-02-34.avif\",\"index\":1,\"id\":19876,\"video\":false,\"opts\":{\"caption\":\"\",\"thumb\":\"https:\\\/\\\/www.sunflowerit.ca\\\/travel\\\/wp-content\\\/uploads\\\/2025\\\/07\\\/2025-07-06_08-02-34-75x50_c.avif\",\"title\":\"2025-07-06_08-02-34\"},\"gallery_id\":18596}]' data-lightbox-theme='{&quot;arrows&quot;:true,&quot;margins&quot;:[10,0],&quot;gutter&quot;:&quot;100&quot;,&quot;thumbs_position&quot;:&quot;bottom&quot;,&quot;base_template&quot;:&quot;&lt;div id=\\&quot;envirabox-18596\\&quot; data-envirabox-id=\\&quot;18596\\&quot; class=\\&quot;envirabox-container envirabox-theme-base_dark envirabox-wrap\\&quot; role=\\&quot;dialog\\&quot;&gt;&lt;div class=\\&quot;envirabox-bg\\&quot;&gt;&lt;\\\/div&gt;&lt;div class=\\&quot;envirabox-outer\\&quot;&gt;&lt;div class=\\&quot;envirabox-inner\\&quot;&gt;&lt;div class=\\&quot;envirabox-caption-wrap\\&quot;&gt;&lt;div class=\\&quot;envirabox-title\\&quot;&gt;&lt;\\\/div&gt;&lt;\\\/div&gt;&lt;div class=\\&quot;envirabox-toolbar\\&quot;&gt;&lt;div class=\\&quot;envira-close-button\\&quot;&gt;&lt;a data-envirabox-close class=\\&quot;envirabox-item envirabox-close envirabox-button--close\\&quot; title=\\&quot;Close\\&quot; href=\\&quot;#\\&quot;&gt;&lt;\\\/a&gt;&lt;\\\/div&gt;&lt;\\\/div&gt;&lt;div class=\\&quot;envirabox-navigation\\&quot;&gt;&lt;a data-envirabox-prev title=\\&quot;Prev\\&quot; class=\\&quot;envirabox-arrow envirabox-arrow--left envirabox-nav envirabox-prev\\&quot; href=\\&quot;#\\&quot;&gt;&lt;span&gt;&lt;\\\/span&gt;&lt;\\\/a&gt;&lt;a data-envirabox-next title=\\&quot;Next\\&quot; class=\\&quot;envirabox-arrow envirabox-arrow--right envirabox-nav envirabox-next\\&quot; href=\\&quot;#\\&quot;&gt;&lt;span&gt;&lt;\\\/span&gt;&lt;\\\/a&gt;&lt;\\\/div&gt;&lt;div class=\\&quot;envirabox-stage\\&quot;&gt;&lt;\\\/div&gt;&lt;\\\/div&gt;&lt;\\\/div&gt;&lt;\\\/div&gt;&quot;,&quot;load_all&quot;:false,&quot;error_template&quot;:&quot;&lt;div class=\\&quot;envirabox-error\\&quot;&gt;&lt;p&gt;{{ERROR}}&lt;p&gt;&lt;\\\/div&gt;&quot;,&quot;inner_caption&quot;:false,&quot;caption_position&quot;:false,&quot;arrow_position&quot;:false,&quot;toolbar&quot;:true,&quot;infobar&quot;:false,&quot;show_smallbtn&quot;:false,&quot;idle_time&quot;:false,&quot;click_content&quot;:false,&quot;click_slide&quot;:false,&quot;click_outside&quot;:false,&quot;animation_duration&quot;:false,&quot;transition_duration&quot;:false,&quot;small_btn_template&quot;:&quot;&lt;a data-envirabox-close class=\\&quot;envirabox-item envirabox-close envirabox-button--close\\&quot; title=\\&quot;Close\\&quot; href=\\&quot;#\\&quot;&gt;&lt;\\\/a&gt;&quot;}' id=\"envira-gallery-18596\" class=\"envira-gallery-public  envira-gallery-1-columns envira-clear\"><div id=\"envira-gallery-item-18597\" class=\"envira-gallery-item envira-gallery-item-1 envira-lazy-load\" style=\"padding-left: 5px; padding-bottom: 10px; padding-right: 5px;\"  itemscope itemtype=\"http:\/\/schema.org\/ImageObject\"><div class=\"envira-gallery-item-inner\"><div class=\"envira-gallery-position-overlay envira-gallery-top-left\"><\/div><div class=\"envira-gallery-position-overlay envira-gallery-top-right\"><\/div><div class=\"envira-gallery-position-overlay envira-gallery-bottom-left\"><\/div><div class=\"envira-gallery-position-overlay envira-gallery-bottom-right\"><\/div><a data-envirabox=\"18596\" href=\"https:\/\/www.sunflowerit.ca\/travel\/wp-content\/uploads\/2025\/03\/2025-03-31_09-09-44.avif\" class=\"envira-gallery-18596 envira-gallery-link \" title=\"2025-03-31_09-09-44\" data-envira-item-id=\"18597\" data-title=\"2025-03-31_09-09-44\" data-caption=\"\" data-envira-retina=\"https:\/\/www.sunflowerit.ca\/travel\/wp-content\/uploads\/2025\/03\/2025-03-31_09-09-44.avif\" data-thumb=\"https:\/\/www.sunflowerit.ca\/travel\/wp-content\/uploads\/2025\/03\/2025-03-31_09-09-44-75x50_c.avif\"  itemprop=\"contentUrl\" ><div class=\"envira-lazy\" data-envira-changed=\"false\" data-width=\"640\" data-height=\"480\" style=\"padding-bottom:75%;\"><img loading=\"lazy\" decoding=\"async\" id=\"envira-gallery-image-18597\"  data-envirabox=\"18596\" tabindex=\"-1\" class=\"envira-gallery-image envira-gallery-image-1  envira-lazy\" data-envira-index=\"0\" src=\"https:\/\/www.sunflowerit.ca\/travel\/wp-content\/uploads\/2025\/03\/2025-03-31_09-09-44-1-1024x596.avif\" width=\"640\" height=\"480\" data-envira-src=\"https:\/\/www.sunflowerit.ca\/travel\/wp-content\/uploads\/2025\/03\/2025-03-31_09-09-44-1-1024x596.avif\" data-envira-gallery-id=\"18596\" data-envira-item-id=\"18597\" data-caption=\"\" data-title=\"2025-03-31_09-09-44\"  alt=\"\" title=\"2025-03-31_09-09-44\"  itemprop=\"thumbnailUrl\" data-envira-srcset=\"https:\/\/www.sunflowerit.ca\/travel\/wp-content\/uploads\/2025\/03\/2025-03-31_09-09-44-1-1024x596.avif 400w,https:\/\/www.sunflowerit.ca\/travel\/wp-content\/uploads\/2025\/03\/2025-03-31_09-09-44-1-1024x596.avif 2x\" srcset=\"data:image\/gif;base64,R0lGODlhAQABAIAAAP\/\/\/\/\/\/\/yH5BAEKAAEALAAAAAABAAEAAAICTAEAOw==\" \/><\/div><\/a><div class=\"envira-gallery-captioned-data envira-gallery-captioned-data-base\"><\/div><\/div><\/div><div id=\"envira-gallery-item-19876\" class=\"envira-gallery-item envira-gallery-item-2 envira-lazy-load\" style=\"padding-left: 5px; padding-bottom: 10px; padding-right: 5px;\"  itemscope itemtype=\"http:\/\/schema.org\/ImageObject\"><div class=\"envira-gallery-item-inner\"><div class=\"envira-gallery-position-overlay envira-gallery-top-left\"><\/div><div class=\"envira-gallery-position-overlay envira-gallery-top-right\"><\/div><div class=\"envira-gallery-position-overlay envira-gallery-bottom-left\"><\/div><div class=\"envira-gallery-position-overlay envira-gallery-bottom-right\"><\/div><a data-envirabox=\"18596\" href=\"https:\/\/www.sunflowerit.ca\/travel\/wp-content\/uploads\/2025\/07\/2025-07-06_08-02-34.avif\" class=\"envira-gallery-18596 envira-gallery-link \" title=\"2025-07-06_08-02-34\" data-envira-item-id=\"19876\" data-title=\"2025-07-06_08-02-34\" data-caption=\"\" data-envira-retina=\"https:\/\/www.sunflowerit.ca\/travel\/wp-content\/uploads\/2025\/07\/2025-07-06_08-02-34.avif\" data-thumb=\"https:\/\/www.sunflowerit.ca\/travel\/wp-content\/uploads\/2025\/07\/2025-07-06_08-02-34-75x50_c.avif\"  itemprop=\"contentUrl\" ><div class=\"envira-lazy\" data-envira-changed=\"false\" data-width=\"640\" data-height=\"480\" style=\"padding-bottom:75%;\"><img loading=\"lazy\" decoding=\"async\" id=\"envira-gallery-image-19876\"  data-envirabox=\"18596\" tabindex=\"-1\" class=\"envira-gallery-image envira-gallery-image-2  envira-lazy\" data-envira-index=\"1\" src=\"https:\/\/www.sunflowerit.ca\/travel\/wp-content\/uploads\/2025\/07\/2025-07-06_08-02-34-1024x537.avif\" width=\"640\" height=\"480\" data-envira-src=\"https:\/\/www.sunflowerit.ca\/travel\/wp-content\/uploads\/2025\/07\/2025-07-06_08-02-34-1024x537.avif\" data-envira-gallery-id=\"18596\" data-envira-item-id=\"19876\" data-caption=\"\" data-title=\"2025-07-06_08-02-34\"  alt=\"\" title=\"2025-07-06_08-02-34\"  itemprop=\"thumbnailUrl\" data-envira-srcset=\"https:\/\/www.sunflowerit.ca\/travel\/wp-content\/uploads\/2025\/07\/2025-07-06_08-02-34-1024x537.avif 400w,https:\/\/www.sunflowerit.ca\/travel\/wp-content\/uploads\/2025\/07\/2025-07-06_08-02-34-1024x537.avif 2x\" srcset=\"data:image\/gif;base64,R0lGODlhAQABAIAAAP\/\/\/\/\/\/\/yH5BAEKAAEALAAAAAABAAEAAAICTAEAOw==\" \/><\/div><\/a><div class=\"envira-gallery-captioned-data envira-gallery-captioned-data-base\"><\/div><\/div><\/div><\/div><\/div><noscript><\/noscript>\n","protected":false},"excerpt":{"rendered":"<p>Bien que nous sommes all\u00e9s \u00e0 Walt Disney World en Floride au mois d&#8217;octobre dernier, Jenny et moi sommes d\u00e9termin\u00e9s de prendre un autre voyage dans le sud lors du cong\u00e9 de mars. Les derniers grands \u00e9v\u00e9nements de l&#8217;ann\u00e9e sont, en premier rang, le d\u00e9c\u00e8s de ma m\u00e8re le 2 f\u00e9vrier 2007 apr\u00e8s un s\u00e9jour [&hellip;]<\/p>\n","protected":false},"author":1,"featured_media":0,"parent":2760,"menu_order":0,"comment_status":"closed","ping_status":"closed","template":"","meta":{"_crdt_document":"","_s2mail":"no","footnotes":""},"class_list":["post-2774","page","type-page","status-publish","hentry"],"_links":{"self":[{"href":"https:\/\/www.sunflowerit.ca\/travel\/wp-json\/wp\/v2\/pages\/2774","targetHints":{"allow":["GET"]}}],"collection":[{"href":"https:\/\/www.sunflowerit.ca\/travel\/wp-json\/wp\/v2\/pages"}],"about":[{"href":"https:\/\/www.sunflowerit.ca\/travel\/wp-json\/wp\/v2\/types\/page"}],"author":[{"embeddable":true,"href":"https:\/\/www.sunflowerit.ca\/travel\/wp-json\/wp\/v2\/users\/1"}],"replies":[{"embeddable":true,"href":"https:\/\/www.sunflowerit.ca\/travel\/wp-json\/wp\/v2\/comments?post=2774"}],"version-history":[{"count":4,"href":"https:\/\/www.sunflowerit.ca\/travel\/wp-json\/wp\/v2\/pages\/2774\/revisions"}],"predecessor-version":[{"id":19735,"href":"https:\/\/www.sunflowerit.ca\/travel\/wp-json\/wp\/v2\/pages\/2774\/revisions\/19735"}],"up":[{"embeddable":true,"href":"https:\/\/www.sunflowerit.ca\/travel\/wp-json\/wp\/v2\/pages\/2760"}],"wp:attachment":[{"href":"https:\/\/www.sunflowerit.ca\/travel\/wp-json\/wp\/v2\/media?parent=2774"}],"curies":[{"name":"wp","href":"https:\/\/api.w.org\/{rel}","templated":true}]}}