{"id":2770,"date":"2005-10-10T17:10:00","date_gmt":"2005-10-10T21:10:00","guid":{"rendered":"https:\/\/www.sunflowerit.ca\/travel\/?page_id=2770"},"modified":"2025-07-03T14:50:39","modified_gmt":"2025-07-03T18:50:39","slug":"cuba-2005","status":"publish","type":"page","link":"https:\/\/www.sunflowerit.ca\/travel\/cycling-travels\/cycling-caribbean\/cuba-2005\/","title":{"rendered":"Cuba 2005"},"content":{"rendered":"\n<p class=\"wp-block-paragraph\"><span lang=\"fr\">Voici une vacance qui n&#8217;\u00e9tait pas planifi\u00e9e \u00e0 l&#8217;horaire. Jenny et moi regardions sur l&#8217;internet pour des destinations soleil. Nous furent attir\u00e9s par des tarifs tr\u00e8s bas pour Holguin au Cuba. Apr\u00e8s un weekend de discussion, nous trouvons que le timing est bon. Jessica s&#8217;envole pour Cancun pour le cong\u00e9 de mars. C&#8217;est son voyage de graduation. Nous nous proposons d&#8217;amener Victoria avec nous en v\u00e9lo. Nous achetons un v\u00e9lo de type trail-a-bike. Le boulot est tranquille &#8211; donc c&#8217;est un bon temps pour une escapade d&#8217;une semaine de v\u00e9lo.<\/span><\/p>\n\n\n\n<p class=\"wp-block-paragraph\">Vendredi soir apr\u00e8s un souper en famille, je charge les bagages dans l&#8217;auto. Nous allons reconduire Jessica chez une amie. Elle doit prendre l&#8217;autobus demain matin pour l&#8217;a\u00e9roport de Dorval (Pierre Elliot Trudeau). Nous quittons Ottawa pour Montr\u00e9al o\u00f9 nous pr\u00e9voyons couch\u00e9 \u00e0 l\u2019h\u00f4tel.<\/p>\n\n\n<div id=\"envira-gallery-wrap-18468\" class=\"envira-gallery-wrap envira-gallery-theme-base  envira-lazy-loading-disabled envira-layout-blogroll\" itemscope itemtype=\"http:\/\/schema.org\/ImageGallery\"><div class=\"envira-loader\"><div><\/div><div><\/div><div><\/div><div><\/div><\/div><div data-envira-id=\"18468\" data-gallery-config='{\"sort_order\":\"title\",\"type\":\"default\",\"layout\":\"blogroll\",\"columns\":\"1\",\"gallery_theme\":\"base\",\"justified_margins\":1,\"justified_last_row\":\"nojustify\",\"lazy_loading\":1,\"lazy_loading_delay\":500,\"gutter\":10,\"margin\":10,\"image_size\":\"default\",\"square_size\":300,\"crop_width\":640,\"crop_height\":480,\"crop\":0,\"crop_position\":\"c\",\"additional_copy_0\":0,\"additional_copy_title\":0,\"additional_copy_caption\":0,\"additional_copy_title_caption\":0,\"additional_copy_0_mobile\":0,\"additional_copy_title_mobile\":0,\"additional_copy_caption_mobile\":0,\"additional_copy_title_caption_mobile\":0,\"gallery_column_title_caption\":\"0\",\"gallery_column_title_caption_mobile\":\"0\",\"additional_copy_automatic_0\":0,\"additional_copy_automatic_title\":0,\"additional_copy_automatic_caption\":0,\"additional_copy_automatic_title_caption\":0,\"additional_copy_automatic_0_mobile\":0,\"additional_copy_automatic_title_mobile\":0,\"additional_copy_automatic_caption_mobile\":0,\"additional_copy_automatic_title_caption_mobile\":0,\"gallery_automatic_title_caption\":\"0\",\"gallery_automatic_title_caption_mobile\":\"0\",\"justified_row_height\":150,\"description_position\":\"0\",\"description\":\"\",\"random\":\"title\",\"sorting_direction\":\"ASC\",\"image_sizes_random\":[],\"isotope\":0,\"lightbox_enabled\":1,\"gallery_link_enabled\":1,\"lightbox_theme\":\"base_dark\",\"lightbox_image_size\":\"default\",\"title_display\":\"float\",\"lightbox_title_caption\":\"title\",\"arrows\":1,\"arrows_position\":\"inside\",\"toolbar\":0,\"toolbar_title\":0,\"toolbar_position\":\"top\",\"loop\":1,\"lightbox_open_close_effect\":\"fade\",\"effect\":\"fade\",\"supersize\":1,\"thumbnails_toggle\":0,\"thumbnails_hide\":0,\"image_counter\":0,\"thumbnails\":0,\"thumbnails_width\":\"auto\",\"thumbnails_height\":\"auto\",\"thumbnails_position\":\"bottom\",\"thumbnails_custom_size\":0,\"mobile\":1,\"mobile_width\":320,\"mobile_height\":240,\"mobile_lightbox\":1,\"mobile_gallery_link_enabled\":0,\"mobile_arrows\":1,\"mobile_toolbar\":1,\"mobile_thumbnails\":0,\"mobile_touchwipe_close\":0,\"mobile_thumbnails_width\":75,\"mobile_thumbnails_height\":50,\"mobile_justified_row_height\":80,\"keyboard\":true,\"standalone_template\":\"\",\"classes\":[\"\"],\"rtl\":0,\"slug\":\"cuba2005_03_12a\",\"gallery_id\":18468}' data-gallery-images='[{\"status\":\"active\",\"src\":\"https:\\\/\\\/www.sunflowerit.ca\\\/travel\\\/wp-content\\\/uploads\\\/2025\\\/03\\\/2025-03-28_21-28-50.avif\",\"title\":\"2025-03-28_21-28-50\",\"link\":\"https:\\\/\\\/www.sunflowerit.ca\\\/travel\\\/wp-content\\\/uploads\\\/2025\\\/03\\\/2025-03-28_21-28-50.avif\",\"alt\":\"\",\"caption\":false,\"thumb\":\"https:\\\/\\\/www.sunflowerit.ca\\\/travel\\\/wp-content\\\/uploads\\\/2025\\\/03\\\/2025-03-28_21-28-50-75x50_c.avif\",\"meta\":{\"aperture\":null,\"credit\":null,\"camera\":null,\"caption\":\"\",\"created_timestamp\":null,\"copyright\":null,\"focal_length\":null,\"iso\":null,\"shutter_speed\":null,\"title\":\"\",\"orientation\":null,\"keywords\":null,\"resized_images\":[\"320x240_c\",\"640x480_c\",\"75x50_c\"]},\"thumbnail\":\"https:\\\/\\\/www.sunflowerit.ca\\\/travel\\\/wp-content\\\/uploads\\\/2025\\\/03\\\/2025-03-28_21-28-50-150x76.avif\",\"medium\":\"https:\\\/\\\/www.sunflowerit.ca\\\/travel\\\/wp-content\\\/uploads\\\/2025\\\/03\\\/2025-03-28_21-28-50-300x152.avif\",\"medium_large\":\"https:\\\/\\\/www.sunflowerit.ca\\\/travel\\\/wp-content\\\/uploads\\\/2025\\\/03\\\/2025-03-28_21-28-50-768x389.avif\",\"large\":\"https:\\\/\\\/www.sunflowerit.ca\\\/travel\\\/wp-content\\\/uploads\\\/2025\\\/03\\\/2025-03-28_21-28-50-1024x518.avif\",\"1536x1536\":\"https:\\\/\\\/www.sunflowerit.ca\\\/travel\\\/wp-content\\\/uploads\\\/2025\\\/03\\\/2025-03-28_21-28-50.avif\",\"2048x2048\":\"https:\\\/\\\/www.sunflowerit.ca\\\/travel\\\/wp-content\\\/uploads\\\/2025\\\/03\\\/2025-03-28_21-28-50.avif\",\"full\":\"https:\\\/\\\/www.sunflowerit.ca\\\/travel\\\/wp-content\\\/uploads\\\/2025\\\/03\\\/2025-03-28_21-28-50.avif\",\"index\":0,\"id\":18469,\"video\":false,\"opts\":{\"caption\":\"\",\"thumb\":\"https:\\\/\\\/www.sunflowerit.ca\\\/travel\\\/wp-content\\\/uploads\\\/2025\\\/03\\\/2025-03-28_21-28-50-75x50_c.avif\",\"title\":\"2025-03-28_21-28-50\"},\"gallery_id\":18468},{\"status\":\"active\",\"src\":\"https:\\\/\\\/www.sunflowerit.ca\\\/travel\\\/wp-content\\\/uploads\\\/2025\\\/07\\\/2025-07-06_06-58-42.avif\",\"title\":\"2025-07-06_06-58-42\",\"link\":\"https:\\\/\\\/www.sunflowerit.ca\\\/travel\\\/wp-content\\\/uploads\\\/2025\\\/07\\\/2025-07-06_06-58-42.avif\",\"alt\":\"\",\"caption\":false,\"thumb\":\"https:\\\/\\\/www.sunflowerit.ca\\\/travel\\\/wp-content\\\/uploads\\\/2025\\\/07\\\/2025-07-06_06-58-42-75x50_c.avif\",\"meta\":{\"aperture\":null,\"credit\":null,\"camera\":null,\"caption\":\"\",\"created_timestamp\":null,\"copyright\":null,\"focal_length\":null,\"iso\":null,\"shutter_speed\":null,\"title\":\"\",\"orientation\":null,\"keywords\":null},\"thumbnail\":\"https:\\\/\\\/www.sunflowerit.ca\\\/travel\\\/wp-content\\\/uploads\\\/2025\\\/07\\\/2025-07-06_06-58-42-150x96.avif\",\"medium\":\"https:\\\/\\\/www.sunflowerit.ca\\\/travel\\\/wp-content\\\/uploads\\\/2025\\\/07\\\/2025-07-06_06-58-42-300x192.avif\",\"medium_large\":\"https:\\\/\\\/www.sunflowerit.ca\\\/travel\\\/wp-content\\\/uploads\\\/2025\\\/07\\\/2025-07-06_06-58-42-768x491.avif\",\"large\":\"https:\\\/\\\/www.sunflowerit.ca\\\/travel\\\/wp-content\\\/uploads\\\/2025\\\/07\\\/2025-07-06_06-58-42-1024x654.avif\",\"1536x1536\":\"https:\\\/\\\/www.sunflowerit.ca\\\/travel\\\/wp-content\\\/uploads\\\/2025\\\/07\\\/2025-07-06_06-58-42.avif\",\"2048x2048\":\"https:\\\/\\\/www.sunflowerit.ca\\\/travel\\\/wp-content\\\/uploads\\\/2025\\\/07\\\/2025-07-06_06-58-42.avif\",\"full\":\"https:\\\/\\\/www.sunflowerit.ca\\\/travel\\\/wp-content\\\/uploads\\\/2025\\\/07\\\/2025-07-06_06-58-42.avif\",\"index\":1,\"id\":19872,\"video\":false,\"opts\":{\"caption\":\"\",\"thumb\":\"https:\\\/\\\/www.sunflowerit.ca\\\/travel\\\/wp-content\\\/uploads\\\/2025\\\/07\\\/2025-07-06_06-58-42-75x50_c.avif\",\"title\":\"2025-07-06_06-58-42\"},\"gallery_id\":18468}]' data-lightbox-theme='{&quot;arrows&quot;:true,&quot;margins&quot;:[10,0],&quot;gutter&quot;:&quot;100&quot;,&quot;thumbs_position&quot;:&quot;bottom&quot;,&quot;base_template&quot;:&quot;&lt;div id=\\&quot;envirabox-18468\\&quot; data-envirabox-id=\\&quot;18468\\&quot; class=\\&quot;envirabox-container envirabox-theme-base_dark envirabox-wrap\\&quot; role=\\&quot;dialog\\&quot;&gt;&lt;div class=\\&quot;envirabox-bg\\&quot;&gt;&lt;\\\/div&gt;&lt;div class=\\&quot;envirabox-outer\\&quot;&gt;&lt;div class=\\&quot;envirabox-inner\\&quot;&gt;&lt;div class=\\&quot;envirabox-caption-wrap\\&quot;&gt;&lt;div class=\\&quot;envirabox-title\\&quot;&gt;&lt;\\\/div&gt;&lt;\\\/div&gt;&lt;div class=\\&quot;envirabox-toolbar\\&quot;&gt;&lt;div class=\\&quot;envira-close-button\\&quot;&gt;&lt;a data-envirabox-close class=\\&quot;envirabox-item envirabox-close envirabox-button--close\\&quot; title=\\&quot;Close\\&quot; href=\\&quot;#\\&quot;&gt;&lt;\\\/a&gt;&lt;\\\/div&gt;&lt;\\\/div&gt;&lt;div class=\\&quot;envirabox-navigation\\&quot;&gt;&lt;a data-envirabox-prev title=\\&quot;Prev\\&quot; class=\\&quot;envirabox-arrow envirabox-arrow--left envirabox-nav envirabox-prev\\&quot; href=\\&quot;#\\&quot;&gt;&lt;span&gt;&lt;\\\/span&gt;&lt;\\\/a&gt;&lt;a data-envirabox-next title=\\&quot;Next\\&quot; class=\\&quot;envirabox-arrow envirabox-arrow--right envirabox-nav envirabox-next\\&quot; href=\\&quot;#\\&quot;&gt;&lt;span&gt;&lt;\\\/span&gt;&lt;\\\/a&gt;&lt;\\\/div&gt;&lt;div class=\\&quot;envirabox-stage\\&quot;&gt;&lt;\\\/div&gt;&lt;\\\/div&gt;&lt;\\\/div&gt;&lt;\\\/div&gt;&quot;,&quot;load_all&quot;:false,&quot;error_template&quot;:&quot;&lt;div class=\\&quot;envirabox-error\\&quot;&gt;&lt;p&gt;{{ERROR}}&lt;p&gt;&lt;\\\/div&gt;&quot;,&quot;inner_caption&quot;:false,&quot;caption_position&quot;:false,&quot;arrow_position&quot;:false,&quot;toolbar&quot;:true,&quot;infobar&quot;:false,&quot;show_smallbtn&quot;:false,&quot;idle_time&quot;:false,&quot;click_content&quot;:false,&quot;click_slide&quot;:false,&quot;click_outside&quot;:false,&quot;animation_duration&quot;:false,&quot;transition_duration&quot;:false,&quot;small_btn_template&quot;:&quot;&lt;a data-envirabox-close class=\\&quot;envirabox-item envirabox-close envirabox-button--close\\&quot; title=\\&quot;Close\\&quot; href=\\&quot;#\\&quot;&gt;&lt;\\\/a&gt;&quot;}' id=\"envira-gallery-18468\" class=\"envira-gallery-public  envira-gallery-1-columns envira-clear\"><div id=\"envira-gallery-item-18469\" class=\"envira-gallery-item envira-gallery-item-1 envira-lazy-load\" style=\"padding-left: 5px; padding-bottom: 10px; padding-right: 5px;\"  itemscope itemtype=\"http:\/\/schema.org\/ImageObject\"><div class=\"envira-gallery-item-inner\"><div class=\"envira-gallery-position-overlay envira-gallery-top-left\"><\/div><div class=\"envira-gallery-position-overlay envira-gallery-top-right\"><\/div><div class=\"envira-gallery-position-overlay envira-gallery-bottom-left\"><\/div><div class=\"envira-gallery-position-overlay envira-gallery-bottom-right\"><\/div><a data-envirabox=\"18468\" href=\"https:\/\/www.sunflowerit.ca\/travel\/wp-content\/uploads\/2025\/03\/2025-03-28_21-28-50.avif\" class=\"envira-gallery-18468 envira-gallery-link \" title=\"2025-03-28_21-28-50\" data-envira-item-id=\"18469\" data-title=\"2025-03-28_21-28-50\" data-caption=\"\" data-envira-retina=\"https:\/\/www.sunflowerit.ca\/travel\/wp-content\/uploads\/2025\/03\/2025-03-28_21-28-50.avif\" data-thumb=\"https:\/\/www.sunflowerit.ca\/travel\/wp-content\/uploads\/2025\/03\/2025-03-28_21-28-50-75x50_c.avif\"  itemprop=\"contentUrl\" ><div class=\"envira-lazy\" data-envira-changed=\"false\" data-width=\"640\" data-height=\"480\" style=\"padding-bottom:75%;\"><img loading=\"lazy\" decoding=\"async\" id=\"envira-gallery-image-18469\"  data-envirabox=\"18468\" tabindex=\"-1\" class=\"envira-gallery-image envira-gallery-image-1  envira-lazy\" data-envira-index=\"0\" src=\"https:\/\/www.sunflowerit.ca\/travel\/wp-content\/uploads\/2025\/03\/2025-03-28_21-28-50-1024x518.avif\" width=\"640\" height=\"480\" data-envira-src=\"https:\/\/www.sunflowerit.ca\/travel\/wp-content\/uploads\/2025\/03\/2025-03-28_21-28-50-1024x518.avif\" data-envira-gallery-id=\"18468\" data-envira-item-id=\"18469\" data-caption=\"\" data-title=\"2025-03-28_21-28-50\"  alt=\"\" title=\"2025-03-28_21-28-50\"  itemprop=\"thumbnailUrl\" data-envira-srcset=\"https:\/\/www.sunflowerit.ca\/travel\/wp-content\/uploads\/2025\/03\/2025-03-28_21-28-50-1024x518.avif 400w,https:\/\/www.sunflowerit.ca\/travel\/wp-content\/uploads\/2025\/03\/2025-03-28_21-28-50-1024x518.avif 2x\" srcset=\"data:image\/gif;base64,R0lGODlhAQABAIAAAP\/\/\/\/\/\/\/yH5BAEKAAEALAAAAAABAAEAAAICTAEAOw==\" \/><\/div><\/a><div class=\"envira-gallery-captioned-data envira-gallery-captioned-data-base\"><\/div><\/div><\/div><div id=\"envira-gallery-item-19872\" class=\"envira-gallery-item envira-gallery-item-2 envira-lazy-load\" style=\"padding-left: 5px; padding-bottom: 10px; padding-right: 5px;\"  itemscope itemtype=\"http:\/\/schema.org\/ImageObject\"><div class=\"envira-gallery-item-inner\"><div class=\"envira-gallery-position-overlay envira-gallery-top-left\"><\/div><div class=\"envira-gallery-position-overlay envira-gallery-top-right\"><\/div><div class=\"envira-gallery-position-overlay envira-gallery-bottom-left\"><\/div><div class=\"envira-gallery-position-overlay envira-gallery-bottom-right\"><\/div><a data-envirabox=\"18468\" href=\"https:\/\/www.sunflowerit.ca\/travel\/wp-content\/uploads\/2025\/07\/2025-07-06_06-58-42.avif\" class=\"envira-gallery-18468 envira-gallery-link \" title=\"2025-07-06_06-58-42\" data-envira-item-id=\"19872\" data-title=\"2025-07-06_06-58-42\" data-caption=\"\" data-envira-retina=\"https:\/\/www.sunflowerit.ca\/travel\/wp-content\/uploads\/2025\/07\/2025-07-06_06-58-42.avif\" data-thumb=\"https:\/\/www.sunflowerit.ca\/travel\/wp-content\/uploads\/2025\/07\/2025-07-06_06-58-42-75x50_c.avif\"  itemprop=\"contentUrl\" ><div class=\"envira-lazy\" data-envira-changed=\"false\" data-width=\"640\" data-height=\"480\" style=\"padding-bottom:75%;\"><img loading=\"lazy\" decoding=\"async\" id=\"envira-gallery-image-19872\"  data-envirabox=\"18468\" tabindex=\"-1\" class=\"envira-gallery-image envira-gallery-image-2  envira-lazy\" data-envira-index=\"1\" src=\"https:\/\/www.sunflowerit.ca\/travel\/wp-content\/uploads\/2025\/07\/2025-07-06_06-58-42-1024x654.avif\" width=\"640\" height=\"480\" data-envira-src=\"https:\/\/www.sunflowerit.ca\/travel\/wp-content\/uploads\/2025\/07\/2025-07-06_06-58-42-1024x654.avif\" data-envira-gallery-id=\"18468\" data-envira-item-id=\"19872\" data-caption=\"\" data-title=\"2025-07-06_06-58-42\"  alt=\"\" title=\"2025-07-06_06-58-42\"  itemprop=\"thumbnailUrl\" data-envira-srcset=\"https:\/\/www.sunflowerit.ca\/travel\/wp-content\/uploads\/2025\/07\/2025-07-06_06-58-42-1024x654.avif 400w,https:\/\/www.sunflowerit.ca\/travel\/wp-content\/uploads\/2025\/07\/2025-07-06_06-58-42-1024x654.avif 2x\" srcset=\"data:image\/gif;base64,R0lGODlhAQABAIAAAP\/\/\/\/\/\/\/yH5BAEKAAEALAAAAAABAAEAAAICTAEAOw==\" \/><\/div><\/a><div class=\"envira-gallery-captioned-data envira-gallery-captioned-data-base\"><\/div><\/div><\/div><\/div><\/div><noscript><\/noscript>\n","protected":false},"excerpt":{"rendered":"<p>Voici une vacance qui n&#8217;\u00e9tait pas planifi\u00e9e \u00e0 l&#8217;horaire. Jenny et moi regardions sur l&#8217;internet pour des destinations soleil. Nous furent attir\u00e9s par des tarifs tr\u00e8s bas pour Holguin au Cuba. Apr\u00e8s un weekend de discussion, nous trouvons que le timing est bon. Jessica s&#8217;envole pour Cancun pour le cong\u00e9 de mars. C&#8217;est son voyage [&hellip;]<\/p>\n","protected":false},"author":1,"featured_media":0,"parent":2760,"menu_order":0,"comment_status":"closed","ping_status":"closed","template":"","meta":{"_crdt_document":"","_s2mail":"no","footnotes":""},"class_list":["post-2770","page","type-page","status-publish","hentry"],"_links":{"self":[{"href":"https:\/\/www.sunflowerit.ca\/travel\/wp-json\/wp\/v2\/pages\/2770","targetHints":{"allow":["GET"]}}],"collection":[{"href":"https:\/\/www.sunflowerit.ca\/travel\/wp-json\/wp\/v2\/pages"}],"about":[{"href":"https:\/\/www.sunflowerit.ca\/travel\/wp-json\/wp\/v2\/types\/page"}],"author":[{"embeddable":true,"href":"https:\/\/www.sunflowerit.ca\/travel\/wp-json\/wp\/v2\/users\/1"}],"replies":[{"embeddable":true,"href":"https:\/\/www.sunflowerit.ca\/travel\/wp-json\/wp\/v2\/comments?post=2770"}],"version-history":[{"count":5,"href":"https:\/\/www.sunflowerit.ca\/travel\/wp-json\/wp\/v2\/pages\/2770\/revisions"}],"predecessor-version":[{"id":19742,"href":"https:\/\/www.sunflowerit.ca\/travel\/wp-json\/wp\/v2\/pages\/2770\/revisions\/19742"}],"up":[{"embeddable":true,"href":"https:\/\/www.sunflowerit.ca\/travel\/wp-json\/wp\/v2\/pages\/2760"}],"wp:attachment":[{"href":"https:\/\/www.sunflowerit.ca\/travel\/wp-json\/wp\/v2\/media?parent=2770"}],"curies":[{"name":"wp","href":"https:\/\/api.w.org\/{rel}","templated":true}]}}