{"id":18657,"date":"2025-03-31T10:12:53","date_gmt":"2025-03-31T14:12:53","guid":{"rendered":"https:\/\/www.sunflowerit.ca\/travel\/?page_id=18657"},"modified":"2025-05-09T09:27:12","modified_gmt":"2025-05-09T13:27:12","slug":"guatemala-belize-mexico-2008","status":"publish","type":"page","link":"https:\/\/www.sunflowerit.ca\/travel\/cycling-travels\/cycling-central-america\/guatemala-belize-mexico-2008\/","title":{"rendered":"Guatemala\/Belize\/Mexico 2008"},"content":{"rendered":"\n<p class=\"wp-block-paragraph\">Nous attendions avec impatience le cong\u00e9 de mars afin de prendre une vacances de deux semaines. L&#8217;\u00e9t\u00e9 fut assez longue car on n&#8217;a pas pris de vacances au mois d&#8217;ao\u00fbt comme \u00e0 l&#8217;habitude. Des entrevues de fournisseurs au bureau ont combl\u00e9 le temps des vacances.  En compensation et en r\u00e9compense pour avoir rembours\u00e9 notre hypoth\u00e8que au mois de janvier dernier, on voulait s&#8217;offrir un cong\u00e9 de deux semaines.<\/p>\n\n\n\n<p class=\"wp-block-paragraph\">Notre destination fut influenc\u00e9 par une amie d&#8217;\u00e9cole de Victoria qui avait parl\u00e9 de Belize comme d&#8217;un paradis. Apr\u00e8s maintes recherche pour un vol sur Belize, nous avons conclu que le meilleur que nous puissions r\u00e9aliser \u00e9tait un vol sur Cancun et un trajet en autobus. Pour enrichir l&#8217;aventure, se propose que l&#8217;on se rende au site Maya de Tikal au Guatemala.<\/p>\n\n\n\n<p class=\"wp-block-paragraph\">\u00c9tant donn\u00e9 notre achat le printemps dernier d&#8217;un tandem Burley (mod\u00e8le Samba) et de notre agr\u00e9able exp\u00e9rience de trajet quotidien de 15kms jusqu&#8217;au boulot au centre-ville.   Tout au long de l&#8217;\u00e9t\u00e9, on songe \u00e0 amener notre tandem en vacances.  Nous achetons nos billets d&#8217;avion pour Cancun pour un s\u00e9jour du 9 mars au 23 mars.  Le fait d&#8217;acheter nos billets qu&#8217;une semaine avant le d\u00e9part, on b\u00e9n\u00e9ficie d&#8217;un rabais d&#8217;environ 45% du tarif initial.  La derni\u00e8re semaine de travail avant notre d\u00e9part passe tr\u00e8s vite. On s&#8217;inqui\u00e8te par contre avec l&#8217;annonce d&#8217;une importante temp\u00eate de neige pr\u00e9vue pour samedi.<\/p>\n\n\n<div id=\"envira-gallery-wrap-18656\" class=\"envira-gallery-wrap envira-gallery-theme-base  envira-lazy-loading-disabled envira-layout-blogroll\" itemscope itemtype=\"http:\/\/schema.org\/ImageGallery\"><div class=\"envira-loader\"><div><\/div><div><\/div><div><\/div><div><\/div><\/div><div data-envira-id=\"18656\" data-gallery-config='{\"sort_order\":\"title\",\"type\":\"default\",\"layout\":\"blogroll\",\"columns\":\"1\",\"gallery_theme\":\"base\",\"justified_margins\":1,\"justified_last_row\":\"nojustify\",\"lazy_loading\":1,\"lazy_loading_delay\":500,\"gutter\":10,\"margin\":10,\"image_size\":\"default\",\"square_size\":300,\"crop_width\":640,\"crop_height\":480,\"crop\":0,\"crop_position\":\"c\",\"additional_copy_0\":0,\"additional_copy_title\":0,\"additional_copy_caption\":0,\"additional_copy_title_caption\":0,\"additional_copy_0_mobile\":0,\"additional_copy_title_mobile\":0,\"additional_copy_caption_mobile\":0,\"additional_copy_title_caption_mobile\":0,\"gallery_column_title_caption\":\"0\",\"gallery_column_title_caption_mobile\":\"0\",\"additional_copy_automatic_0\":0,\"additional_copy_automatic_title\":0,\"additional_copy_automatic_caption\":0,\"additional_copy_automatic_title_caption\":0,\"additional_copy_automatic_0_mobile\":0,\"additional_copy_automatic_title_mobile\":0,\"additional_copy_automatic_caption_mobile\":0,\"additional_copy_automatic_title_caption_mobile\":0,\"gallery_automatic_title_caption\":\"0\",\"gallery_automatic_title_caption_mobile\":\"0\",\"justified_row_height\":150,\"description_position\":\"0\",\"description\":\"\",\"random\":\"title\",\"sorting_direction\":\"ASC\",\"image_sizes_random\":[],\"isotope\":0,\"lightbox_enabled\":1,\"gallery_link_enabled\":1,\"lightbox_theme\":\"base_dark\",\"lightbox_image_size\":\"default\",\"title_display\":\"float\",\"lightbox_title_caption\":\"title\",\"arrows\":1,\"arrows_position\":\"inside\",\"toolbar\":0,\"toolbar_title\":0,\"toolbar_position\":\"top\",\"loop\":1,\"lightbox_open_close_effect\":\"fade\",\"effect\":\"fade\",\"supersize\":1,\"thumbnails_toggle\":0,\"thumbnails_hide\":0,\"image_counter\":0,\"thumbnails\":0,\"thumbnails_width\":\"auto\",\"thumbnails_height\":\"auto\",\"thumbnails_position\":\"bottom\",\"thumbnails_custom_size\":0,\"mobile\":1,\"mobile_width\":320,\"mobile_height\":240,\"mobile_lightbox\":1,\"mobile_gallery_link_enabled\":0,\"mobile_arrows\":1,\"mobile_toolbar\":1,\"mobile_thumbnails\":0,\"mobile_touchwipe_close\":0,\"mobile_thumbnails_width\":75,\"mobile_thumbnails_height\":50,\"mobile_justified_row_height\":80,\"keyboard\":true,\"standalone_template\":\"\",\"classes\":[\"\"],\"rtl\":0,\"slug\":\"cancun2008_03_09a\",\"gallery_id\":18656}' data-gallery-images='[{\"status\":\"active\",\"src\":\"https:\\\/\\\/www.sunflowerit.ca\\\/travel\\\/wp-content\\\/uploads\\\/2025\\\/07\\\/2025-07-06_14-40-59.avif\",\"title\":\"2025-07-06_14-40-59\",\"link\":\"https:\\\/\\\/www.sunflowerit.ca\\\/travel\\\/wp-content\\\/uploads\\\/2025\\\/07\\\/2025-07-06_14-40-59.avif\",\"alt\":\"\",\"caption\":false,\"thumb\":\"https:\\\/\\\/www.sunflowerit.ca\\\/travel\\\/wp-content\\\/uploads\\\/2025\\\/07\\\/2025-07-06_14-40-59-75x50_c.avif\",\"meta\":{\"aperture\":null,\"credit\":null,\"camera\":null,\"caption\":\"\",\"created_timestamp\":null,\"copyright\":null,\"focal_length\":null,\"iso\":null,\"shutter_speed\":null,\"title\":\"\",\"orientation\":null,\"keywords\":null},\"thumbnail\":\"https:\\\/\\\/www.sunflowerit.ca\\\/travel\\\/wp-content\\\/uploads\\\/2025\\\/07\\\/2025-07-06_14-40-59-150x78.avif\",\"medium\":\"https:\\\/\\\/www.sunflowerit.ca\\\/travel\\\/wp-content\\\/uploads\\\/2025\\\/07\\\/2025-07-06_14-40-59-300x155.avif\",\"medium_large\":\"https:\\\/\\\/www.sunflowerit.ca\\\/travel\\\/wp-content\\\/uploads\\\/2025\\\/07\\\/2025-07-06_14-40-59-768x397.avif\",\"large\":\"https:\\\/\\\/www.sunflowerit.ca\\\/travel\\\/wp-content\\\/uploads\\\/2025\\\/07\\\/2025-07-06_14-40-59-1024x530.avif\",\"1536x1536\":\"https:\\\/\\\/www.sunflowerit.ca\\\/travel\\\/wp-content\\\/uploads\\\/2025\\\/07\\\/2025-07-06_14-40-59.avif\",\"2048x2048\":\"https:\\\/\\\/www.sunflowerit.ca\\\/travel\\\/wp-content\\\/uploads\\\/2025\\\/07\\\/2025-07-06_14-40-59.avif\",\"full\":\"https:\\\/\\\/www.sunflowerit.ca\\\/travel\\\/wp-content\\\/uploads\\\/2025\\\/07\\\/2025-07-06_14-40-59.avif\",\"index\":0,\"id\":19877,\"video\":false,\"opts\":{\"caption\":\"\",\"thumb\":\"https:\\\/\\\/www.sunflowerit.ca\\\/travel\\\/wp-content\\\/uploads\\\/2025\\\/07\\\/2025-07-06_14-40-59-75x50_c.avif\",\"title\":\"2025-07-06_14-40-59\"},\"gallery_id\":18656},{\"status\":\"active\",\"src\":\"https:\\\/\\\/www.sunflowerit.ca\\\/travel\\\/wp-content\\\/uploads\\\/2025\\\/07\\\/2025-07-06_14-41-35.avif\",\"title\":\"2025-07-06_14-41-35\",\"link\":\"https:\\\/\\\/www.sunflowerit.ca\\\/travel\\\/wp-content\\\/uploads\\\/2025\\\/07\\\/2025-07-06_14-41-35.avif\",\"alt\":\"\",\"caption\":false,\"thumb\":\"https:\\\/\\\/www.sunflowerit.ca\\\/travel\\\/wp-content\\\/uploads\\\/2025\\\/07\\\/2025-07-06_14-41-35-75x50_c.avif\",\"meta\":{\"aperture\":null,\"credit\":null,\"camera\":null,\"caption\":\"\",\"created_timestamp\":null,\"copyright\":null,\"focal_length\":null,\"iso\":null,\"shutter_speed\":null,\"title\":\"\",\"orientation\":null,\"keywords\":null},\"thumbnail\":\"https:\\\/\\\/www.sunflowerit.ca\\\/travel\\\/wp-content\\\/uploads\\\/2025\\\/07\\\/2025-07-06_14-41-35-150x68.avif\",\"medium\":\"https:\\\/\\\/www.sunflowerit.ca\\\/travel\\\/wp-content\\\/uploads\\\/2025\\\/07\\\/2025-07-06_14-41-35-300x135.avif\",\"medium_large\":\"https:\\\/\\\/www.sunflowerit.ca\\\/travel\\\/wp-content\\\/uploads\\\/2025\\\/07\\\/2025-07-06_14-41-35-768x346.avif\",\"large\":\"https:\\\/\\\/www.sunflowerit.ca\\\/travel\\\/wp-content\\\/uploads\\\/2025\\\/07\\\/2025-07-06_14-41-35-1024x461.avif\",\"1536x1536\":\"https:\\\/\\\/www.sunflowerit.ca\\\/travel\\\/wp-content\\\/uploads\\\/2025\\\/07\\\/2025-07-06_14-41-35.avif\",\"2048x2048\":\"https:\\\/\\\/www.sunflowerit.ca\\\/travel\\\/wp-content\\\/uploads\\\/2025\\\/07\\\/2025-07-06_14-41-35.avif\",\"full\":\"https:\\\/\\\/www.sunflowerit.ca\\\/travel\\\/wp-content\\\/uploads\\\/2025\\\/07\\\/2025-07-06_14-41-35.avif\",\"index\":1,\"id\":19878,\"video\":false,\"opts\":{\"caption\":\"\",\"thumb\":\"https:\\\/\\\/www.sunflowerit.ca\\\/travel\\\/wp-content\\\/uploads\\\/2025\\\/07\\\/2025-07-06_14-41-35-75x50_c.avif\",\"title\":\"2025-07-06_14-41-35\"},\"gallery_id\":18656}]' data-lightbox-theme='{&quot;arrows&quot;:true,&quot;margins&quot;:[10,0],&quot;gutter&quot;:&quot;100&quot;,&quot;thumbs_position&quot;:&quot;bottom&quot;,&quot;base_template&quot;:&quot;&lt;div id=\\&quot;envirabox-18656\\&quot; data-envirabox-id=\\&quot;18656\\&quot; class=\\&quot;envirabox-container envirabox-theme-base_dark envirabox-wrap\\&quot; role=\\&quot;dialog\\&quot;&gt;&lt;div class=\\&quot;envirabox-bg\\&quot;&gt;&lt;\\\/div&gt;&lt;div class=\\&quot;envirabox-outer\\&quot;&gt;&lt;div class=\\&quot;envirabox-inner\\&quot;&gt;&lt;div class=\\&quot;envirabox-caption-wrap\\&quot;&gt;&lt;div class=\\&quot;envirabox-title\\&quot;&gt;&lt;\\\/div&gt;&lt;\\\/div&gt;&lt;div class=\\&quot;envirabox-toolbar\\&quot;&gt;&lt;div class=\\&quot;envira-close-button\\&quot;&gt;&lt;a data-envirabox-close class=\\&quot;envirabox-item envirabox-close envirabox-button--close\\&quot; title=\\&quot;Close\\&quot; href=\\&quot;#\\&quot;&gt;&lt;\\\/a&gt;&lt;\\\/div&gt;&lt;\\\/div&gt;&lt;div class=\\&quot;envirabox-navigation\\&quot;&gt;&lt;a data-envirabox-prev title=\\&quot;Prev\\&quot; class=\\&quot;envirabox-arrow envirabox-arrow--left envirabox-nav envirabox-prev\\&quot; href=\\&quot;#\\&quot;&gt;&lt;span&gt;&lt;\\\/span&gt;&lt;\\\/a&gt;&lt;a data-envirabox-next title=\\&quot;Next\\&quot; class=\\&quot;envirabox-arrow envirabox-arrow--right envirabox-nav envirabox-next\\&quot; href=\\&quot;#\\&quot;&gt;&lt;span&gt;&lt;\\\/span&gt;&lt;\\\/a&gt;&lt;\\\/div&gt;&lt;div class=\\&quot;envirabox-stage\\&quot;&gt;&lt;\\\/div&gt;&lt;\\\/div&gt;&lt;\\\/div&gt;&lt;\\\/div&gt;&quot;,&quot;load_all&quot;:false,&quot;error_template&quot;:&quot;&lt;div class=\\&quot;envirabox-error\\&quot;&gt;&lt;p&gt;{{ERROR}}&lt;p&gt;&lt;\\\/div&gt;&quot;,&quot;inner_caption&quot;:false,&quot;caption_position&quot;:false,&quot;arrow_position&quot;:false,&quot;toolbar&quot;:true,&quot;infobar&quot;:false,&quot;show_smallbtn&quot;:false,&quot;idle_time&quot;:false,&quot;click_content&quot;:false,&quot;click_slide&quot;:false,&quot;click_outside&quot;:false,&quot;animation_duration&quot;:false,&quot;transition_duration&quot;:false,&quot;small_btn_template&quot;:&quot;&lt;a data-envirabox-close class=\\&quot;envirabox-item envirabox-close envirabox-button--close\\&quot; title=\\&quot;Close\\&quot; href=\\&quot;#\\&quot;&gt;&lt;\\\/a&gt;&quot;}' id=\"envira-gallery-18656\" class=\"envira-gallery-public  envira-gallery-1-columns envira-clear\"><div id=\"envira-gallery-item-19877\" class=\"envira-gallery-item envira-gallery-item-1 envira-lazy-load\" style=\"padding-left: 5px; padding-bottom: 10px; padding-right: 5px;\"  itemscope itemtype=\"http:\/\/schema.org\/ImageObject\"><div class=\"envira-gallery-item-inner\"><div class=\"envira-gallery-position-overlay envira-gallery-top-left\"><\/div><div class=\"envira-gallery-position-overlay envira-gallery-top-right\"><\/div><div class=\"envira-gallery-position-overlay envira-gallery-bottom-left\"><\/div><div class=\"envira-gallery-position-overlay envira-gallery-bottom-right\"><\/div><a data-envirabox=\"18656\" href=\"https:\/\/www.sunflowerit.ca\/travel\/wp-content\/uploads\/2025\/07\/2025-07-06_14-40-59.avif\" class=\"envira-gallery-18656 envira-gallery-link \" title=\"2025-07-06_14-40-59\" data-envira-item-id=\"19877\" data-title=\"2025-07-06_14-40-59\" data-caption=\"\" data-envira-retina=\"https:\/\/www.sunflowerit.ca\/travel\/wp-content\/uploads\/2025\/07\/2025-07-06_14-40-59.avif\" data-thumb=\"https:\/\/www.sunflowerit.ca\/travel\/wp-content\/uploads\/2025\/07\/2025-07-06_14-40-59-75x50_c.avif\"  itemprop=\"contentUrl\" ><div class=\"envira-lazy\" data-envira-changed=\"false\" data-width=\"640\" data-height=\"480\" style=\"padding-bottom:75%;\"><img loading=\"lazy\" decoding=\"async\" id=\"envira-gallery-image-19877\"  data-envirabox=\"18656\" tabindex=\"-1\" class=\"envira-gallery-image envira-gallery-image-1  envira-lazy\" data-envira-index=\"0\" src=\"https:\/\/www.sunflowerit.ca\/travel\/wp-content\/uploads\/2025\/07\/2025-07-06_14-40-59-1024x530.avif\" width=\"640\" height=\"480\" data-envira-src=\"https:\/\/www.sunflowerit.ca\/travel\/wp-content\/uploads\/2025\/07\/2025-07-06_14-40-59-1024x530.avif\" data-envira-gallery-id=\"18656\" data-envira-item-id=\"19877\" data-caption=\"\" data-title=\"2025-07-06_14-40-59\"  alt=\"\" title=\"2025-07-06_14-40-59\"  itemprop=\"thumbnailUrl\" data-envira-srcset=\"https:\/\/www.sunflowerit.ca\/travel\/wp-content\/uploads\/2025\/07\/2025-07-06_14-40-59-1024x530.avif 400w,https:\/\/www.sunflowerit.ca\/travel\/wp-content\/uploads\/2025\/07\/2025-07-06_14-40-59-1024x530.avif 2x\" srcset=\"data:image\/gif;base64,R0lGODlhAQABAIAAAP\/\/\/\/\/\/\/yH5BAEKAAEALAAAAAABAAEAAAICTAEAOw==\" \/><\/div><\/a><div class=\"envira-gallery-captioned-data envira-gallery-captioned-data-base\"><\/div><\/div><\/div><div id=\"envira-gallery-item-19878\" class=\"envira-gallery-item envira-gallery-item-2 envira-lazy-load\" style=\"padding-left: 5px; padding-bottom: 10px; padding-right: 5px;\"  itemscope itemtype=\"http:\/\/schema.org\/ImageObject\"><div class=\"envira-gallery-item-inner\"><div class=\"envira-gallery-position-overlay envira-gallery-top-left\"><\/div><div class=\"envira-gallery-position-overlay envira-gallery-top-right\"><\/div><div class=\"envira-gallery-position-overlay envira-gallery-bottom-left\"><\/div><div class=\"envira-gallery-position-overlay envira-gallery-bottom-right\"><\/div><a data-envirabox=\"18656\" href=\"https:\/\/www.sunflowerit.ca\/travel\/wp-content\/uploads\/2025\/07\/2025-07-06_14-41-35.avif\" class=\"envira-gallery-18656 envira-gallery-link \" title=\"2025-07-06_14-41-35\" data-envira-item-id=\"19878\" data-title=\"2025-07-06_14-41-35\" data-caption=\"\" data-envira-retina=\"https:\/\/www.sunflowerit.ca\/travel\/wp-content\/uploads\/2025\/07\/2025-07-06_14-41-35.avif\" data-thumb=\"https:\/\/www.sunflowerit.ca\/travel\/wp-content\/uploads\/2025\/07\/2025-07-06_14-41-35-75x50_c.avif\"  itemprop=\"contentUrl\" ><div class=\"envira-lazy\" data-envira-changed=\"false\" data-width=\"640\" data-height=\"480\" style=\"padding-bottom:75%;\"><img loading=\"lazy\" decoding=\"async\" id=\"envira-gallery-image-19878\"  data-envirabox=\"18656\" tabindex=\"-1\" class=\"envira-gallery-image envira-gallery-image-2  envira-lazy\" data-envira-index=\"1\" src=\"https:\/\/www.sunflowerit.ca\/travel\/wp-content\/uploads\/2025\/07\/2025-07-06_14-41-35-1024x461.avif\" width=\"640\" height=\"480\" data-envira-src=\"https:\/\/www.sunflowerit.ca\/travel\/wp-content\/uploads\/2025\/07\/2025-07-06_14-41-35-1024x461.avif\" data-envira-gallery-id=\"18656\" data-envira-item-id=\"19878\" data-caption=\"\" data-title=\"2025-07-06_14-41-35\"  alt=\"\" title=\"2025-07-06_14-41-35\"  itemprop=\"thumbnailUrl\" data-envira-srcset=\"https:\/\/www.sunflowerit.ca\/travel\/wp-content\/uploads\/2025\/07\/2025-07-06_14-41-35-1024x461.avif 400w,https:\/\/www.sunflowerit.ca\/travel\/wp-content\/uploads\/2025\/07\/2025-07-06_14-41-35-1024x461.avif 2x\" srcset=\"data:image\/gif;base64,R0lGODlhAQABAIAAAP\/\/\/\/\/\/\/yH5BAEKAAEALAAAAAABAAEAAAICTAEAOw==\" \/><\/div><\/a><div class=\"envira-gallery-captioned-data envira-gallery-captioned-data-base\"><\/div><\/div><\/div><\/div><\/div><noscript><\/noscript>\n\n\n\n<p class=\"wp-block-paragraph\"><a href=\"https:\/\/www.sunflowerit.ca\/travel\/cycling-travels\/cycling-central-america\/guatemala-belize-mexico-2008\/une-tempete-de-neige-en-prelude-a-une-aventure-en-velo\/\" data-type=\"post\" data-id=\"18737\">Link to the first post of this trip<\/a><\/p>\n","protected":false},"excerpt":{"rendered":"<p>Nous attendions avec impatience le cong\u00e9 de mars afin de prendre une vacances de deux semaines. L&#8217;\u00e9t\u00e9 fut assez longue car on n&#8217;a pas pris de vacances au mois d&#8217;ao\u00fbt comme \u00e0 l&#8217;habitude. Des entrevues de fournisseurs au bureau ont combl\u00e9 le temps des vacances. En compensation et en r\u00e9compense pour avoir rembours\u00e9 notre hypoth\u00e8que [&hellip;]<\/p>\n","protected":false},"author":1,"featured_media":0,"parent":2764,"menu_order":0,"comment_status":"closed","ping_status":"closed","template":"","meta":{"_crdt_document":"","_s2mail":"no","footnotes":""},"class_list":["post-18657","page","type-page","status-publish","hentry"],"_links":{"self":[{"href":"https:\/\/www.sunflowerit.ca\/travel\/wp-json\/wp\/v2\/pages\/18657","targetHints":{"allow":["GET"]}}],"collection":[{"href":"https:\/\/www.sunflowerit.ca\/travel\/wp-json\/wp\/v2\/pages"}],"about":[{"href":"https:\/\/www.sunflowerit.ca\/travel\/wp-json\/wp\/v2\/types\/page"}],"author":[{"embeddable":true,"href":"https:\/\/www.sunflowerit.ca\/travel\/wp-json\/wp\/v2\/users\/1"}],"replies":[{"embeddable":true,"href":"https:\/\/www.sunflowerit.ca\/travel\/wp-json\/wp\/v2\/comments?post=18657"}],"version-history":[{"count":3,"href":"https:\/\/www.sunflowerit.ca\/travel\/wp-json\/wp\/v2\/pages\/18657\/revisions"}],"predecessor-version":[{"id":19043,"href":"https:\/\/www.sunflowerit.ca\/travel\/wp-json\/wp\/v2\/pages\/18657\/revisions\/19043"}],"up":[{"embeddable":true,"href":"https:\/\/www.sunflowerit.ca\/travel\/wp-json\/wp\/v2\/pages\/2764"}],"wp:attachment":[{"href":"https:\/\/www.sunflowerit.ca\/travel\/wp-json\/wp\/v2\/media?parent=18657"}],"curies":[{"name":"wp","href":"https:\/\/api.w.org\/{rel}","templated":true}]}}